{"id":124,"date":"2024-10-16T06:53:42","date_gmt":"2024-10-16T06:53:42","guid":{"rendered":"http:\/\/www.haredus.com\/?page_id=124"},"modified":"2024-10-16T09:03:27","modified_gmt":"2024-10-16T09:03:27","slug":"referanslar","status":"publish","type":"page","link":"http:\/\/www.haredus.com\/?page_id=124","title":{"rendered":"REFERANSLAR"},"content":{"rendered":"\n<figure class=\"wp-block-table\"><table class=\"has-fixed-layout\"><tbody><tr><td>A YAPI \u0130N\u015eAAT<\/td><td>ERKARA OTEL<\/td><td>OKAN \u0130N\u015eAAT<\/td><td>V\u0130STA \u0130N\u015eAAT<\/td><\/tr><tr><td>AKTUN\u00c7 \u0130N\u015eAAT<\/td><td>F\u0130DAN BAU<\/td><td>ORB\u0130S M\u0130MARLIK<\/td><td>YAKI\u015eAN YAPI<\/td><\/tr><tr><td>ARG\u00dc \u0130N\u015eAAT<\/td><td>GK \u0130N\u015eAAT<\/td><td>\u00d6NER PROJE<\/td><td>YALNIZ \u0130N\u015eAAT<\/td><\/tr><tr><td>ASEL YAPI<\/td><td>G\u00d6BELO\u011eLU \u0130N\u015eAAT<\/td><td>\u00d6Z\u00c7A\u011eRI \u0130N\u015eAAT<\/td><td>YILDIZ \u0130N\u015eAAT<\/td><\/tr><tr><td>BELUK \u0130N\u015eAAT<\/td><td>G\u00dcRKAN \u0130N\u015eAAT<\/td><td>R\u0130SSA \u0130N\u015eAAT<\/td><td>YILSAN \u0130N\u015eAAT<\/td><\/tr><tr><td>BE\u015eLER \u0130N\u015eAAT<\/td><td>HAS\u00d6ZLER \u0130N\u015eAAT<\/td><td>R\u0130TM\u0130K \u0130N\u015eAAT<\/td><td>ZADE \u0130N\u015eAAT<\/td><\/tr><tr><td>BEYZA \u0130N\u015eAAT<\/td><td>\u0130BAR \u0130N\u015eAAT<\/td><td>R\u0130VA DEKORASYON<\/td><td>ZEYBEK \u0130N\u015eAAT<\/td><\/tr><tr><td>BIYIKLI \u0130N\u015eAAT<\/td><td>\u0130MAMO\u011eLU \u0130N\u015eAAT<\/td><td>SEY\u0130TO\u011eLU \u0130N\u015eAAT<\/td><td><\/td><\/tr><tr><td>\u00c7INAR \u0130N\u015eAAT<\/td><td>\u0130N\u015e M\u00dcH \u00d6M\u00dcR UZARSLAN<\/td><td>SERKAN \u00d6ZER EMLAK<\/td><td><\/td><\/tr><tr><td>\u00c7\u0130MENO\u011eLU \u0130N\u015eAAT<\/td><td>KU\u011eU YAPI<\/td><td>SKY YAPI<\/td><td><\/td><\/tr><tr><td>\u00c7OBANO\u011eLU YAPI<\/td><td>KYS-KAYB\u0130MS \u0130N\u015eAAT<\/td><td>S-LINE M\u0130MARLIK<\/td><td><\/td><\/tr><tr><td>DADAL \u0130N\u015eAAT<\/td><td>MEGA YAPI<\/td><td>TEOB YAPI<\/td><td><\/td><\/tr><tr><td>DEDE ASLAN \u0130N\u015eAAT<\/td><td>M\u0130MAR HAKAN \u00d6ZT\u00dcRK\u00a0<\/td><td>\u00dc\u00c7KALE \u0130N\u015eAAT<\/td><td><\/td><\/tr><tr><td>DEHA EMLAK<\/td><td>M\u0130MAR T\u00dcL\u0130N \u00d6ZANDA\u00c7<\/td><td>\u00dc\u00c7EN \u0130N\u015eAAT<\/td><td><\/td><\/tr><tr><td>DEKOD\u0130ZAYN YAPI<\/td><td>NOKTACOM MEDYA<\/td><td>\u00dcNSAL \u0130N\u015eAAT<\/td><td><\/td><\/tr><\/tbody><\/table><\/figure>\n","protected":false},"excerpt":{"rendered":"<p>A YAPI \u0130N\u015eAAT ERKARA OTEL OKAN \u0130N\u015eAAT V\u0130STA \u0130N\u015eAAT AKTUN\u00c7 \u0130N\u015eAAT F\u0130DAN BAU ORB\u0130S M\u0130MARLIK YAKI\u015eAN YAPI ARG\u00dc \u0130N\u015eAAT GK \u0130N\u015eAAT \u00d6NER PROJE YALNIZ \u0130N\u015eAAT ASEL YAPI G\u00d6BELO\u011eLU \u0130N\u015eAAT \u00d6Z\u00c7A\u011eRI \u0130N\u015eAAT YILDIZ \u0130N\u015eAAT BELUK \u0130N\u015eAAT G\u00dcRKAN \u0130N\u015eAAT R\u0130SSA \u0130N\u015eAAT YILSAN \u0130N\u015eAAT BE\u015eLER \u0130N\u015eAAT HAS\u00d6ZLER \u0130N\u015eAAT R\u0130TM\u0130K \u0130N\u015eAAT ZADE \u0130N\u015eAAT BEYZA \u0130N\u015eAAT \u0130BAR \u0130N\u015eAAT R\u0130VA DEKORASYON [&hellip;]<\/p>\n","protected":false},"author":1,"featured_media":0,"parent":0,"menu_order":0,"comment_status":"closed","ping_status":"closed","template":"","meta":{"footnotes":""},"class_list":["post-124","page","type-page","status-publish","hentry"],"_links":{"self":[{"href":"http:\/\/www.haredus.com\/index.php?rest_route=\/wp\/v2\/pages\/124"}],"collection":[{"href":"http:\/\/www.haredus.com\/index.php?rest_route=\/wp\/v2\/pages"}],"about":[{"href":"http:\/\/www.haredus.com\/index.php?rest_route=\/wp\/v2\/types\/page"}],"author":[{"embeddable":true,"href":"http:\/\/www.haredus.com\/index.php?rest_route=\/wp\/v2\/users\/1"}],"replies":[{"embeddable":true,"href":"http:\/\/www.haredus.com\/index.php?rest_route=%2Fwp%2Fv2%2Fcomments&post=124"}],"version-history":[{"count":3,"href":"http:\/\/www.haredus.com\/index.php?rest_route=\/wp\/v2\/pages\/124\/revisions"}],"predecessor-version":[{"id":149,"href":"http:\/\/www.haredus.com\/index.php?rest_route=\/wp\/v2\/pages\/124\/revisions\/149"}],"wp:attachment":[{"href":"http:\/\/www.haredus.com\/index.php?rest_route=%2Fwp%2Fv2%2Fmedia&parent=124"}],"curies":[{"name":"wp","href":"https:\/\/api.w.org\/{rel}","templated":true}]}}