{"id":120,"date":"2024-10-16T06:51:18","date_gmt":"2024-10-16T06:51:18","guid":{"rendered":"http:\/\/www.haredus.com\/?page_id=120"},"modified":"2025-01-22T06:55:36","modified_gmt":"2025-01-22T06:55:36","slug":"dis-mekan","status":"publish","type":"page","link":"http:\/\/www.haredus.com\/?page_id=120","title":{"rendered":""},"content":{"rendered":"\n<h2 class=\"wp-block-heading\">OF\u0130S B\u00d6LMES\u0130<\/h2>\n\n\n\n<div class=\"wp-block-columns is-layout-flex wp-container-core-columns-is-layout-1 wp-block-columns-is-layout-flex\">\n<div class=\"wp-block-column is-layout-flow wp-block-column-is-layout-flow\">\n<figure class=\"wp-block-image size-large\"><img loading=\"lazy\" decoding=\"async\" width=\"576\" height=\"1024\" src=\"http:\/\/www.haredus.com\/wp-content\/uploads\/2025\/01\/WhatsApp-Image-2025-01-21-at-13.58.32-576x1024.jpeg\" alt=\"\" class=\"wp-image-470\" srcset=\"http:\/\/www.haredus.com\/wp-content\/uploads\/2025\/01\/WhatsApp-Image-2025-01-21-at-13.58.32-576x1024.jpeg 576w, http:\/\/www.haredus.com\/wp-content\/uploads\/2025\/01\/WhatsApp-Image-2025-01-21-at-13.58.32-169x300.jpeg 169w, http:\/\/www.haredus.com\/wp-content\/uploads\/2025\/01\/WhatsApp-Image-2025-01-21-at-13.58.32-768x1365.jpeg 768w, http:\/\/www.haredus.com\/wp-content\/uploads\/2025\/01\/WhatsApp-Image-2025-01-21-at-13.58.32-864x1536.jpeg 864w, http:\/\/www.haredus.com\/wp-content\/uploads\/2025\/01\/WhatsApp-Image-2025-01-21-at-13.58.32.jpeg 1080w\" sizes=\"(max-width: 576px) 100vw, 576px\" \/><\/figure>\n<\/div>\n\n\n\n<div class=\"wp-block-column is-layout-flow wp-block-column-is-layout-flow\">\n<figure class=\"wp-block-image size-large\"><img loading=\"lazy\" decoding=\"async\" width=\"576\" height=\"1024\" src=\"http:\/\/www.haredus.com\/wp-content\/uploads\/2025\/01\/WhatsApp-Image-2025-01-21-at-13.58.34-576x1024.jpeg\" alt=\"\" class=\"wp-image-471\" srcset=\"http:\/\/www.haredus.com\/wp-content\/uploads\/2025\/01\/WhatsApp-Image-2025-01-21-at-13.58.34-576x1024.jpeg 576w, http:\/\/www.haredus.com\/wp-content\/uploads\/2025\/01\/WhatsApp-Image-2025-01-21-at-13.58.34-169x300.jpeg 169w, http:\/\/www.haredus.com\/wp-content\/uploads\/2025\/01\/WhatsApp-Image-2025-01-21-at-13.58.34-768x1366.jpeg 768w, http:\/\/www.haredus.com\/wp-content\/uploads\/2025\/01\/WhatsApp-Image-2025-01-21-at-13.58.34-864x1536.jpeg 864w, http:\/\/www.haredus.com\/wp-content\/uploads\/2025\/01\/WhatsApp-Image-2025-01-21-at-13.58.34.jpeg 899w\" sizes=\"(max-width: 576px) 100vw, 576px\" \/><\/figure>\n<\/div>\n\n\n\n<div class=\"wp-block-column is-layout-flow wp-block-column-is-layout-flow\">\n<figure class=\"wp-block-image size-large is-resized\"><img loading=\"lazy\" decoding=\"async\" width=\"819\" height=\"1024\" src=\"http:\/\/www.haredus.com\/wp-content\/uploads\/2025\/01\/WhatsApp-Image-2025-01-21-at-13.58.35-1-819x1024.jpeg\" alt=\"\" class=\"wp-image-472\" style=\"width:340px;height:auto\" srcset=\"http:\/\/www.haredus.com\/wp-content\/uploads\/2025\/01\/WhatsApp-Image-2025-01-21-at-13.58.35-1-819x1024.jpeg 819w, http:\/\/www.haredus.com\/wp-content\/uploads\/2025\/01\/WhatsApp-Image-2025-01-21-at-13.58.35-1-240x300.jpeg 240w, http:\/\/www.haredus.com\/wp-content\/uploads\/2025\/01\/WhatsApp-Image-2025-01-21-at-13.58.35-1-768x960.jpeg 768w, http:\/\/www.haredus.com\/wp-content\/uploads\/2025\/01\/WhatsApp-Image-2025-01-21-at-13.58.35-1-1229x1536.jpeg 1229w, http:\/\/www.haredus.com\/wp-content\/uploads\/2025\/01\/WhatsApp-Image-2025-01-21-at-13.58.35-1.jpeg 1440w\" sizes=\"(max-width: 819px) 100vw, 819px\" \/><\/figure>\n<\/div>\n<\/div>\n\n\n\n<div class=\"wp-block-columns is-layout-flex wp-container-core-columns-is-layout-2 wp-block-columns-is-layout-flex\">\n<div class=\"wp-block-column is-layout-flow wp-block-column-is-layout-flow\">\n<figure class=\"wp-block-image size-large\"><img loading=\"lazy\" decoding=\"async\" width=\"819\" height=\"1024\" src=\"http:\/\/www.haredus.com\/wp-content\/uploads\/2025\/01\/WhatsApp-Image-2025-01-21-at-13.58.35-2-819x1024.jpeg\" alt=\"\" class=\"wp-image-473\" srcset=\"http:\/\/www.haredus.com\/wp-content\/uploads\/2025\/01\/WhatsApp-Image-2025-01-21-at-13.58.35-2-819x1024.jpeg 819w, http:\/\/www.haredus.com\/wp-content\/uploads\/2025\/01\/WhatsApp-Image-2025-01-21-at-13.58.35-2-240x300.jpeg 240w, http:\/\/www.haredus.com\/wp-content\/uploads\/2025\/01\/WhatsApp-Image-2025-01-21-at-13.58.35-2-768x960.jpeg 768w, http:\/\/www.haredus.com\/wp-content\/uploads\/2025\/01\/WhatsApp-Image-2025-01-21-at-13.58.35-2-1229x1536.jpeg 1229w, http:\/\/www.haredus.com\/wp-content\/uploads\/2025\/01\/WhatsApp-Image-2025-01-21-at-13.58.35-2.jpeg 1440w\" sizes=\"(max-width: 819px) 100vw, 819px\" \/><\/figure>\n<\/div>\n\n\n\n<div class=\"wp-block-column is-layout-flow wp-block-column-is-layout-flow\">\n<figure class=\"wp-block-image size-large is-resized\"><img loading=\"lazy\" decoding=\"async\" width=\"819\" height=\"1024\" src=\"http:\/\/www.haredus.com\/wp-content\/uploads\/2025\/01\/WhatsApp-Image-2025-01-21-at-13.58.35-819x1024.jpeg\" alt=\"\" class=\"wp-image-474\" style=\"width:239px;height:auto\" srcset=\"http:\/\/www.haredus.com\/wp-content\/uploads\/2025\/01\/WhatsApp-Image-2025-01-21-at-13.58.35-819x1024.jpeg 819w, http:\/\/www.haredus.com\/wp-content\/uploads\/2025\/01\/WhatsApp-Image-2025-01-21-at-13.58.35-240x300.jpeg 240w, http:\/\/www.haredus.com\/wp-content\/uploads\/2025\/01\/WhatsApp-Image-2025-01-21-at-13.58.35-768x960.jpeg 768w, http:\/\/www.haredus.com\/wp-content\/uploads\/2025\/01\/WhatsApp-Image-2025-01-21-at-13.58.35-1229x1536.jpeg 1229w, http:\/\/www.haredus.com\/wp-content\/uploads\/2025\/01\/WhatsApp-Image-2025-01-21-at-13.58.35.jpeg 1440w\" sizes=\"(max-width: 819px) 100vw, 819px\" \/><\/figure>\n<\/div>\n\n\n\n<div class=\"wp-block-column is-layout-flow wp-block-column-is-layout-flow\">\n<figure class=\"wp-block-image size-large is-resized\"><img loading=\"lazy\" decoding=\"async\" width=\"576\" height=\"1024\" src=\"http:\/\/www.haredus.com\/wp-content\/uploads\/2025\/01\/WhatsApp-Image-2025-01-21-at-13.58.36-1-576x1024.jpeg\" alt=\"\" class=\"wp-image-475\" style=\"width:170px;height:auto\" srcset=\"http:\/\/www.haredus.com\/wp-content\/uploads\/2025\/01\/WhatsApp-Image-2025-01-21-at-13.58.36-1-576x1024.jpeg 576w, http:\/\/www.haredus.com\/wp-content\/uploads\/2025\/01\/WhatsApp-Image-2025-01-21-at-13.58.36-1-169x300.jpeg 169w, http:\/\/www.haredus.com\/wp-content\/uploads\/2025\/01\/WhatsApp-Image-2025-01-21-at-13.58.36-1-768x1365.jpeg 768w, http:\/\/www.haredus.com\/wp-content\/uploads\/2025\/01\/WhatsApp-Image-2025-01-21-at-13.58.36-1-864x1536.jpeg 864w, http:\/\/www.haredus.com\/wp-content\/uploads\/2025\/01\/WhatsApp-Image-2025-01-21-at-13.58.36-1.jpeg 1152w\" sizes=\"(max-width: 576px) 100vw, 576px\" \/><\/figure>\n<\/div>\n<\/div>\n\n\n\n<div class=\"wp-block-columns is-layout-flex wp-container-core-columns-is-layout-3 wp-block-columns-is-layout-flex\">\n<div class=\"wp-block-column is-layout-flow wp-block-column-is-layout-flow\"><\/div>\n\n\n\n<div class=\"wp-block-column is-layout-flow wp-block-column-is-layout-flow\"><\/div>\n\n\n\n<div class=\"wp-block-column is-layout-flow wp-block-column-is-layout-flow\"><\/div>\n<\/div>\n\n\n\n<div class=\"wp-block-columns is-layout-flex wp-container-core-columns-is-layout-4 wp-block-columns-is-layout-flex\">\n<div class=\"wp-block-column is-layout-flow wp-block-column-is-layout-flow\">\n<figure class=\"wp-block-image size-large\"><img loading=\"lazy\" decoding=\"async\" width=\"576\" height=\"1024\" src=\"http:\/\/www.haredus.com\/wp-content\/uploads\/2025\/01\/WhatsApp-Image-2025-01-21-at-13.58.37-1-576x1024.jpeg\" alt=\"\" class=\"wp-image-476\" srcset=\"http:\/\/www.haredus.com\/wp-content\/uploads\/2025\/01\/WhatsApp-Image-2025-01-21-at-13.58.37-1-576x1024.jpeg 576w, http:\/\/www.haredus.com\/wp-content\/uploads\/2025\/01\/WhatsApp-Image-2025-01-21-at-13.58.37-1-169x300.jpeg 169w, http:\/\/www.haredus.com\/wp-content\/uploads\/2025\/01\/WhatsApp-Image-2025-01-21-at-13.58.37-1-768x1365.jpeg 768w, http:\/\/www.haredus.com\/wp-content\/uploads\/2025\/01\/WhatsApp-Image-2025-01-21-at-13.58.37-1-864x1536.jpeg 864w, http:\/\/www.haredus.com\/wp-content\/uploads\/2025\/01\/WhatsApp-Image-2025-01-21-at-13.58.37-1.jpeg 1152w\" sizes=\"(max-width: 576px) 100vw, 576px\" \/><\/figure>\n<\/div>\n\n\n\n<div class=\"wp-block-column is-layout-flow wp-block-column-is-layout-flow\">\n<figure class=\"wp-block-image size-large is-resized\"><img loading=\"lazy\" decoding=\"async\" width=\"1024\" height=\"768\" src=\"http:\/\/www.haredus.com\/wp-content\/uploads\/2025\/01\/WhatsApp-Image-2025-01-21-at-13.58.38-1-1024x768.jpeg\" alt=\"\" class=\"wp-image-477\" style=\"width:561px;height:auto\" srcset=\"http:\/\/www.haredus.com\/wp-content\/uploads\/2025\/01\/WhatsApp-Image-2025-01-21-at-13.58.38-1-1024x768.jpeg 1024w, http:\/\/www.haredus.com\/wp-content\/uploads\/2025\/01\/WhatsApp-Image-2025-01-21-at-13.58.38-1-300x225.jpeg 300w, http:\/\/www.haredus.com\/wp-content\/uploads\/2025\/01\/WhatsApp-Image-2025-01-21-at-13.58.38-1-768x576.jpeg 768w, http:\/\/www.haredus.com\/wp-content\/uploads\/2025\/01\/WhatsApp-Image-2025-01-21-at-13.58.38-1.jpeg 1440w\" sizes=\"(max-width: 1024px) 100vw, 1024px\" \/><\/figure>\n<\/div>\n\n\n\n<div class=\"wp-block-column is-layout-flow wp-block-column-is-layout-flow\"><\/div>\n<\/div>\n\n\n\n<div class=\"wp-block-columns is-layout-flex wp-container-core-columns-is-layout-5 wp-block-columns-is-layout-flex\">\n<div class=\"wp-block-column is-layout-flow wp-block-column-is-layout-flow\">\n<figure class=\"wp-block-image size-large\"><img loading=\"lazy\" decoding=\"async\" width=\"1024\" height=\"768\" src=\"http:\/\/www.haredus.com\/wp-content\/uploads\/2025\/01\/WhatsApp-Image-2025-01-21-at-13.58.38-1024x768.jpeg\" alt=\"\" class=\"wp-image-478\" srcset=\"http:\/\/www.haredus.com\/wp-content\/uploads\/2025\/01\/WhatsApp-Image-2025-01-21-at-13.58.38-1024x768.jpeg 1024w, http:\/\/www.haredus.com\/wp-content\/uploads\/2025\/01\/WhatsApp-Image-2025-01-21-at-13.58.38-300x225.jpeg 300w, http:\/\/www.haredus.com\/wp-content\/uploads\/2025\/01\/WhatsApp-Image-2025-01-21-at-13.58.38-768x576.jpeg 768w, http:\/\/www.haredus.com\/wp-content\/uploads\/2025\/01\/WhatsApp-Image-2025-01-21-at-13.58.38.jpeg 1440w\" sizes=\"(max-width: 1024px) 100vw, 1024px\" \/><\/figure>\n<\/div>\n\n\n\n<div class=\"wp-block-column is-layout-flow wp-block-column-is-layout-flow\">\n<figure class=\"wp-block-image size-large is-resized\"><img loading=\"lazy\" decoding=\"async\" width=\"1024\" height=\"576\" src=\"http:\/\/www.haredus.com\/wp-content\/uploads\/2025\/01\/WhatsApp-Image-2025-01-21-at-13.58.42-2-1024x576.jpeg\" alt=\"\" class=\"wp-image-479\" style=\"width:320px;height:auto\" srcset=\"http:\/\/www.haredus.com\/wp-content\/uploads\/2025\/01\/WhatsApp-Image-2025-01-21-at-13.58.42-2-1024x576.jpeg 1024w, http:\/\/www.haredus.com\/wp-content\/uploads\/2025\/01\/WhatsApp-Image-2025-01-21-at-13.58.42-2-300x169.jpeg 300w, http:\/\/www.haredus.com\/wp-content\/uploads\/2025\/01\/WhatsApp-Image-2025-01-21-at-13.58.42-2-768x432.jpeg 768w, http:\/\/www.haredus.com\/wp-content\/uploads\/2025\/01\/WhatsApp-Image-2025-01-21-at-13.58.42-2.jpeg 1440w\" sizes=\"(max-width: 1024px) 100vw, 1024px\" \/><\/figure>\n<\/div>\n\n\n\n<div class=\"wp-block-column is-layout-flow wp-block-column-is-layout-flow\">\n<figure class=\"wp-block-image size-large is-resized\"><img loading=\"lazy\" decoding=\"async\" width=\"1024\" height=\"473\" src=\"http:\/\/www.haredus.com\/wp-content\/uploads\/2025\/01\/WhatsApp-Image-2025-01-21-at-13.58.40-1024x473.jpeg\" alt=\"\" class=\"wp-image-480\" style=\"width:416px;height:auto\" srcset=\"http:\/\/www.haredus.com\/wp-content\/uploads\/2025\/01\/WhatsApp-Image-2025-01-21-at-13.58.40-1024x473.jpeg 1024w, http:\/\/www.haredus.com\/wp-content\/uploads\/2025\/01\/WhatsApp-Image-2025-01-21-at-13.58.40-300x139.jpeg 300w, http:\/\/www.haredus.com\/wp-content\/uploads\/2025\/01\/WhatsApp-Image-2025-01-21-at-13.58.40-768x355.jpeg 768w, http:\/\/www.haredus.com\/wp-content\/uploads\/2025\/01\/WhatsApp-Image-2025-01-21-at-13.58.40-1536x710.jpeg 1536w, http:\/\/www.haredus.com\/wp-content\/uploads\/2025\/01\/WhatsApp-Image-2025-01-21-at-13.58.40.jpeg 2048w\" sizes=\"(max-width: 1024px) 100vw, 1024px\" \/><\/figure>\n<\/div>\n<\/div>\n\n\n\n<figure class=\"wp-block-image size-large is-resized\"><img loading=\"lazy\" decoding=\"async\" width=\"819\" height=\"1024\" src=\"http:\/\/www.haredus.com\/wp-content\/uploads\/2025\/01\/WhatsApp-Image-2025-01-21-at-13.58.41-1-819x1024.jpeg\" alt=\"\" class=\"wp-image-481\" style=\"width:758px;height:auto\" srcset=\"http:\/\/www.haredus.com\/wp-content\/uploads\/2025\/01\/WhatsApp-Image-2025-01-21-at-13.58.41-1-819x1024.jpeg 819w, http:\/\/www.haredus.com\/wp-content\/uploads\/2025\/01\/WhatsApp-Image-2025-01-21-at-13.58.41-1-240x300.jpeg 240w, http:\/\/www.haredus.com\/wp-content\/uploads\/2025\/01\/WhatsApp-Image-2025-01-21-at-13.58.41-1-768x960.jpeg 768w, http:\/\/www.haredus.com\/wp-content\/uploads\/2025\/01\/WhatsApp-Image-2025-01-21-at-13.58.41-1-1229x1536.jpeg 1229w, http:\/\/www.haredus.com\/wp-content\/uploads\/2025\/01\/WhatsApp-Image-2025-01-21-at-13.58.41-1.jpeg 1440w\" sizes=\"(max-width: 819px) 100vw, 819px\" \/><\/figure>\n\n\n\n<figure class=\"wp-block-image size-large is-resized\"><img loading=\"lazy\" decoding=\"async\" width=\"760\" height=\"1024\" src=\"http:\/\/www.haredus.com\/wp-content\/uploads\/2025\/01\/WhatsApp-Image-2025-01-21-at-13.58.41-2-760x1024.jpeg\" alt=\"\" class=\"wp-image-482\" style=\"width:760px;height:auto\" srcset=\"http:\/\/www.haredus.com\/wp-content\/uploads\/2025\/01\/WhatsApp-Image-2025-01-21-at-13.58.41-2-760x1024.jpeg 760w, http:\/\/www.haredus.com\/wp-content\/uploads\/2025\/01\/WhatsApp-Image-2025-01-21-at-13.58.41-2-223x300.jpeg 223w, http:\/\/www.haredus.com\/wp-content\/uploads\/2025\/01\/WhatsApp-Image-2025-01-21-at-13.58.41-2-768x1035.jpeg 768w, http:\/\/www.haredus.com\/wp-content\/uploads\/2025\/01\/WhatsApp-Image-2025-01-21-at-13.58.41-2-1139x1536.jpeg 1139w, http:\/\/www.haredus.com\/wp-content\/uploads\/2025\/01\/WhatsApp-Image-2025-01-21-at-13.58.41-2.jpeg 1186w\" sizes=\"(max-width: 760px) 100vw, 760px\" \/><\/figure>\n\n\n\n<div class=\"wp-block-columns is-layout-flex wp-container-core-columns-is-layout-6 wp-block-columns-is-layout-flex\">\n<div class=\"wp-block-column is-layout-flow wp-block-column-is-layout-flow\">\n<figure class=\"wp-block-image size-large\"><img loading=\"lazy\" decoding=\"async\" width=\"819\" height=\"1024\" src=\"http:\/\/www.haredus.com\/wp-content\/uploads\/2025\/01\/WhatsApp-Image-2025-01-21-at-13.58.41-819x1024.jpeg\" alt=\"\" class=\"wp-image-483\" srcset=\"http:\/\/www.haredus.com\/wp-content\/uploads\/2025\/01\/WhatsApp-Image-2025-01-21-at-13.58.41-819x1024.jpeg 819w, http:\/\/www.haredus.com\/wp-content\/uploads\/2025\/01\/WhatsApp-Image-2025-01-21-at-13.58.41-240x300.jpeg 240w, http:\/\/www.haredus.com\/wp-content\/uploads\/2025\/01\/WhatsApp-Image-2025-01-21-at-13.58.41-768x960.jpeg 768w, http:\/\/www.haredus.com\/wp-content\/uploads\/2025\/01\/WhatsApp-Image-2025-01-21-at-13.58.41-1229x1536.jpeg 1229w, http:\/\/www.haredus.com\/wp-content\/uploads\/2025\/01\/WhatsApp-Image-2025-01-21-at-13.58.41.jpeg 1440w\" sizes=\"(max-width: 819px) 100vw, 819px\" \/><\/figure>\n<\/div>\n\n\n\n<div class=\"wp-block-column is-layout-flow wp-block-column-is-layout-flow\">\n<figure class=\"wp-block-image size-large is-resized\"><img loading=\"lazy\" decoding=\"async\" width=\"768\" height=\"1024\" src=\"http:\/\/www.haredus.com\/wp-content\/uploads\/2025\/01\/WhatsApp-Image-2025-01-21-at-13.58.44-768x1024.jpeg\" alt=\"\" class=\"wp-image-484\" style=\"width:344px;height:auto\" srcset=\"http:\/\/www.haredus.com\/wp-content\/uploads\/2025\/01\/WhatsApp-Image-2025-01-21-at-13.58.44-768x1024.jpeg 768w, http:\/\/www.haredus.com\/wp-content\/uploads\/2025\/01\/WhatsApp-Image-2025-01-21-at-13.58.44-225x300.jpeg 225w, http:\/\/www.haredus.com\/wp-content\/uploads\/2025\/01\/WhatsApp-Image-2025-01-21-at-13.58.44-1152x1536.jpeg 1152w, http:\/\/www.haredus.com\/wp-content\/uploads\/2025\/01\/WhatsApp-Image-2025-01-21-at-13.58.44.jpeg 1200w\" sizes=\"(max-width: 768px) 100vw, 768px\" \/><\/figure>\n<\/div>\n<\/div>\n\n\n\n<h2 class=\"wp-block-heading\">HAMAM B\u00d6LMES\u0130<\/h2>\n\n\n\n<div class=\"wp-block-columns is-layout-flex wp-container-core-columns-is-layout-7 wp-block-columns-is-layout-flex\">\n<div class=\"wp-block-column is-layout-flow wp-block-column-is-layout-flow\">\n<figure class=\"wp-block-image size-large\"><img loading=\"lazy\" decoding=\"async\" width=\"768\" height=\"1024\" src=\"http:\/\/www.haredus.com\/wp-content\/uploads\/2025\/01\/WhatsApp-Image-2025-01-21-at-14.01.28-1-768x1024.jpeg\" alt=\"\" class=\"wp-image-485\" srcset=\"http:\/\/www.haredus.com\/wp-content\/uploads\/2025\/01\/WhatsApp-Image-2025-01-21-at-14.01.28-1-768x1024.jpeg 768w, http:\/\/www.haredus.com\/wp-content\/uploads\/2025\/01\/WhatsApp-Image-2025-01-21-at-14.01.28-1-225x300.jpeg 225w, http:\/\/www.haredus.com\/wp-content\/uploads\/2025\/01\/WhatsApp-Image-2025-01-21-at-14.01.28-1-1152x1536.jpeg 1152w, http:\/\/www.haredus.com\/wp-content\/uploads\/2025\/01\/WhatsApp-Image-2025-01-21-at-14.01.28-1.jpeg 1536w\" sizes=\"(max-width: 768px) 100vw, 768px\" \/><\/figure>\n<\/div>\n\n\n\n<div class=\"wp-block-column is-layout-flow wp-block-column-is-layout-flow\">\n<figure class=\"wp-block-image size-full\"><img loading=\"lazy\" decoding=\"async\" width=\"768\" height=\"1024\" src=\"http:\/\/www.haredus.com\/wp-content\/uploads\/2025\/01\/WhatsApp-Image-2025-01-21-at-14.01.28.jpeg\" alt=\"\" class=\"wp-image-486\" srcset=\"http:\/\/www.haredus.com\/wp-content\/uploads\/2025\/01\/WhatsApp-Image-2025-01-21-at-14.01.28.jpeg 768w, http:\/\/www.haredus.com\/wp-content\/uploads\/2025\/01\/WhatsApp-Image-2025-01-21-at-14.01.28-225x300.jpeg 225w\" sizes=\"(max-width: 768px) 100vw, 768px\" \/><\/figure>\n<\/div>\n\n\n\n<div class=\"wp-block-column is-layout-flow wp-block-column-is-layout-flow\">\n<figure class=\"wp-block-image size-large is-resized\"><img loading=\"lazy\" decoding=\"async\" width=\"576\" height=\"1024\" src=\"http:\/\/www.haredus.com\/wp-content\/uploads\/2025\/01\/WhatsApp-Image-2025-01-21-at-14.01.29-576x1024.jpeg\" alt=\"\" class=\"wp-image-488\" style=\"width:178px;height:auto\" srcset=\"http:\/\/www.haredus.com\/wp-content\/uploads\/2025\/01\/WhatsApp-Image-2025-01-21-at-14.01.29-576x1024.jpeg 576w, http:\/\/www.haredus.com\/wp-content\/uploads\/2025\/01\/WhatsApp-Image-2025-01-21-at-14.01.29-169x300.jpeg 169w, http:\/\/www.haredus.com\/wp-content\/uploads\/2025\/01\/WhatsApp-Image-2025-01-21-at-14.01.29-768x1365.jpeg 768w, http:\/\/www.haredus.com\/wp-content\/uploads\/2025\/01\/WhatsApp-Image-2025-01-21-at-14.01.29-864x1536.jpeg 864w, http:\/\/www.haredus.com\/wp-content\/uploads\/2025\/01\/WhatsApp-Image-2025-01-21-at-14.01.29.jpeg 1152w\" sizes=\"(max-width: 576px) 100vw, 576px\" \/><\/figure>\n<\/div>\n<\/div>\n\n\n\n<div class=\"wp-block-columns is-layout-flex wp-container-core-columns-is-layout-8 wp-block-columns-is-layout-flex\">\n<div class=\"wp-block-column is-layout-flow wp-block-column-is-layout-flow\">\n<figure class=\"wp-block-image size-large\"><img loading=\"lazy\" decoding=\"async\" width=\"768\" height=\"1024\" src=\"http:\/\/www.haredus.com\/wp-content\/uploads\/2025\/01\/WhatsApp-Image-2025-01-21-at-14.01.30-1-768x1024.jpeg\" alt=\"\" class=\"wp-image-489\" srcset=\"http:\/\/www.haredus.com\/wp-content\/uploads\/2025\/01\/WhatsApp-Image-2025-01-21-at-14.01.30-1-768x1024.jpeg 768w, http:\/\/www.haredus.com\/wp-content\/uploads\/2025\/01\/WhatsApp-Image-2025-01-21-at-14.01.30-1-225x300.jpeg 225w, http:\/\/www.haredus.com\/wp-content\/uploads\/2025\/01\/WhatsApp-Image-2025-01-21-at-14.01.30-1-1152x1536.jpeg 1152w, http:\/\/www.haredus.com\/wp-content\/uploads\/2025\/01\/WhatsApp-Image-2025-01-21-at-14.01.30-1.jpeg 1536w\" sizes=\"(max-width: 768px) 100vw, 768px\" \/><\/figure>\n<\/div>\n\n\n\n<div class=\"wp-block-column is-layout-flow wp-block-column-is-layout-flow\">\n<figure class=\"wp-block-image size-large\"><img loading=\"lazy\" decoding=\"async\" width=\"768\" height=\"1024\" src=\"http:\/\/www.haredus.com\/wp-content\/uploads\/2025\/01\/WhatsApp-Image-2025-01-21-at-14.01.30-768x1024.jpeg\" alt=\"\" class=\"wp-image-491\" srcset=\"http:\/\/www.haredus.com\/wp-content\/uploads\/2025\/01\/WhatsApp-Image-2025-01-21-at-14.01.30-768x1024.jpeg 768w, http:\/\/www.haredus.com\/wp-content\/uploads\/2025\/01\/WhatsApp-Image-2025-01-21-at-14.01.30-225x300.jpeg 225w, http:\/\/www.haredus.com\/wp-content\/uploads\/2025\/01\/WhatsApp-Image-2025-01-21-at-14.01.30-1152x1536.jpeg 1152w, http:\/\/www.haredus.com\/wp-content\/uploads\/2025\/01\/WhatsApp-Image-2025-01-21-at-14.01.30.jpeg 1536w\" sizes=\"(max-width: 768px) 100vw, 768px\" \/><\/figure>\n<\/div>\n\n\n\n<div class=\"wp-block-column is-layout-flow wp-block-column-is-layout-flow\">\n<figure class=\"wp-block-image size-large\"><img loading=\"lazy\" decoding=\"async\" width=\"769\" height=\"1024\" src=\"http:\/\/www.haredus.com\/wp-content\/uploads\/2025\/01\/WhatsApp-Image-2025-01-21-at-14.01.31-1-769x1024.jpeg\" alt=\"\" class=\"wp-image-492\" srcset=\"http:\/\/www.haredus.com\/wp-content\/uploads\/2025\/01\/WhatsApp-Image-2025-01-21-at-14.01.31-1-769x1024.jpeg 769w, http:\/\/www.haredus.com\/wp-content\/uploads\/2025\/01\/WhatsApp-Image-2025-01-21-at-14.01.31-1-225x300.jpeg 225w, http:\/\/www.haredus.com\/wp-content\/uploads\/2025\/01\/WhatsApp-Image-2025-01-21-at-14.01.31-1-768x1023.jpeg 768w, http:\/\/www.haredus.com\/wp-content\/uploads\/2025\/01\/WhatsApp-Image-2025-01-21-at-14.01.31-1-1153x1536.jpeg 1153w, http:\/\/www.haredus.com\/wp-content\/uploads\/2025\/01\/WhatsApp-Image-2025-01-21-at-14.01.31-1.jpeg 1201w\" sizes=\"(max-width: 769px) 100vw, 769px\" \/><\/figure>\n<\/div>\n<\/div>\n\n\n\n<div class=\"wp-block-columns is-layout-flex wp-container-core-columns-is-layout-9 wp-block-columns-is-layout-flex\">\n<div class=\"wp-block-column is-layout-flow wp-block-column-is-layout-flow\">\n<figure class=\"wp-block-image size-large\"><img loading=\"lazy\" decoding=\"async\" width=\"768\" height=\"1024\" src=\"http:\/\/www.haredus.com\/wp-content\/uploads\/2025\/01\/WhatsApp-Image-2025-01-21-at-14.01.31-3-768x1024.jpeg\" alt=\"\" class=\"wp-image-496\" srcset=\"http:\/\/www.haredus.com\/wp-content\/uploads\/2025\/01\/WhatsApp-Image-2025-01-21-at-14.01.31-3-768x1024.jpeg 768w, http:\/\/www.haredus.com\/wp-content\/uploads\/2025\/01\/WhatsApp-Image-2025-01-21-at-14.01.31-3-225x300.jpeg 225w, http:\/\/www.haredus.com\/wp-content\/uploads\/2025\/01\/WhatsApp-Image-2025-01-21-at-14.01.31-3-1152x1536.jpeg 1152w, http:\/\/www.haredus.com\/wp-content\/uploads\/2025\/01\/WhatsApp-Image-2025-01-21-at-14.01.31-3.jpeg 1536w\" sizes=\"(max-width: 768px) 100vw, 768px\" \/><\/figure>\n<\/div>\n\n\n\n<div class=\"wp-block-column is-layout-flow wp-block-column-is-layout-flow\">\n<figure class=\"wp-block-image size-large\"><img loading=\"lazy\" decoding=\"async\" width=\"768\" height=\"1024\" src=\"http:\/\/www.haredus.com\/wp-content\/uploads\/2025\/01\/WhatsApp-Image-2025-01-21-at-14.01.32-768x1024.jpeg\" alt=\"\" class=\"wp-image-495\" srcset=\"http:\/\/www.haredus.com\/wp-content\/uploads\/2025\/01\/WhatsApp-Image-2025-01-21-at-14.01.32-768x1024.jpeg 768w, http:\/\/www.haredus.com\/wp-content\/uploads\/2025\/01\/WhatsApp-Image-2025-01-21-at-14.01.32-225x300.jpeg 225w, http:\/\/www.haredus.com\/wp-content\/uploads\/2025\/01\/WhatsApp-Image-2025-01-21-at-14.01.32-1152x1536.jpeg 1152w, http:\/\/www.haredus.com\/wp-content\/uploads\/2025\/01\/WhatsApp-Image-2025-01-21-at-14.01.32.jpeg 1200w\" sizes=\"(max-width: 768px) 100vw, 768px\" \/><\/figure>\n<\/div>\n\n\n\n<div class=\"wp-block-column is-layout-flow wp-block-column-is-layout-flow\"><\/div>\n<\/div>\n\n\n\n<h2 class=\"wp-block-heading\"><\/h2>\n\n\n\n<p><\/p>\n","protected":false},"excerpt":{"rendered":"<p>OF\u0130S B\u00d6LMES\u0130 HAMAM B\u00d6LMES\u0130<\/p>\n","protected":false},"author":1,"featured_media":0,"parent":0,"menu_order":0,"comment_status":"closed","ping_status":"closed","template":"","meta":{"footnotes":""},"class_list":["post-120","page","type-page","status-publish","hentry"],"_links":{"self":[{"href":"http:\/\/www.haredus.com\/index.php?rest_route=\/wp\/v2\/pages\/120"}],"collection":[{"href":"http:\/\/www.haredus.com\/index.php?rest_route=\/wp\/v2\/pages"}],"about":[{"href":"http:\/\/www.haredus.com\/index.php?rest_route=\/wp\/v2\/types\/page"}],"author":[{"embeddable":true,"href":"http:\/\/www.haredus.com\/index.php?rest_route=\/wp\/v2\/users\/1"}],"replies":[{"embeddable":true,"href":"http:\/\/www.haredus.com\/index.php?rest_route=%2Fwp%2Fv2%2Fcomments&post=120"}],"version-history":[{"count":3,"href":"http:\/\/www.haredus.com\/index.php?rest_route=\/wp\/v2\/pages\/120\/revisions"}],"predecessor-version":[{"id":574,"href":"http:\/\/www.haredus.com\/index.php?rest_route=\/wp\/v2\/pages\/120\/revisions\/574"}],"wp:attachment":[{"href":"http:\/\/www.haredus.com\/index.php?rest_route=%2Fwp%2Fv2%2Fmedia&parent=120"}],"curies":[{"name":"wp","href":"https:\/\/api.w.org\/{rel}","templated":true}]}}