{"id":108,"date":"2024-10-16T06:07:24","date_gmt":"2024-10-16T06:07:24","guid":{"rendered":"http:\/\/www.haredus.com\/?page_id=108"},"modified":"2025-01-20T06:32:48","modified_gmt":"2025-01-20T06:32:48","slug":"livorno-serisi","status":"publish","type":"page","link":"http:\/\/www.haredus.com\/?page_id=108","title":{"rendered":"L\u0130VORNO SER\u0130S\u0130"},"content":{"rendered":"\n<div class=\"wp-block-columns is-layout-flex wp-container-core-columns-is-layout-1 wp-block-columns-is-layout-flex\">\n<div class=\"wp-block-column is-layout-flow wp-block-column-is-layout-flow\">\n<figure class=\"wp-block-image size-large\"><img loading=\"lazy\" decoding=\"async\" width=\"768\" height=\"1024\" src=\"http:\/\/www.haredus.com\/wp-content\/uploads\/2025\/01\/WhatsApp-Image-2025-01-20-at-08.24.31-768x1024.jpeg\" alt=\"\" class=\"wp-image-180\" srcset=\"http:\/\/www.haredus.com\/wp-content\/uploads\/2025\/01\/WhatsApp-Image-2025-01-20-at-08.24.31-768x1024.jpeg 768w, http:\/\/www.haredus.com\/wp-content\/uploads\/2025\/01\/WhatsApp-Image-2025-01-20-at-08.24.31-225x300.jpeg 225w, http:\/\/www.haredus.com\/wp-content\/uploads\/2025\/01\/WhatsApp-Image-2025-01-20-at-08.24.31-1152x1536.jpeg 1152w, http:\/\/www.haredus.com\/wp-content\/uploads\/2025\/01\/WhatsApp-Image-2025-01-20-at-08.24.31.jpeg 1536w\" sizes=\"(max-width: 768px) 100vw, 768px\" \/><\/figure>\n<\/div>\n\n\n\n<div class=\"wp-block-column is-layout-flow wp-block-column-is-layout-flow\">\n<figure class=\"wp-block-image size-large\"><img loading=\"lazy\" decoding=\"async\" width=\"769\" height=\"1024\" src=\"http:\/\/www.haredus.com\/wp-content\/uploads\/2025\/01\/WhatsApp-Image-2025-01-20-at-08.24.33-769x1024.jpeg\" alt=\"\" class=\"wp-image-182\" srcset=\"http:\/\/www.haredus.com\/wp-content\/uploads\/2025\/01\/WhatsApp-Image-2025-01-20-at-08.24.33-769x1024.jpeg 769w, http:\/\/www.haredus.com\/wp-content\/uploads\/2025\/01\/WhatsApp-Image-2025-01-20-at-08.24.33-225x300.jpeg 225w, http:\/\/www.haredus.com\/wp-content\/uploads\/2025\/01\/WhatsApp-Image-2025-01-20-at-08.24.33-768x1023.jpeg 768w, http:\/\/www.haredus.com\/wp-content\/uploads\/2025\/01\/WhatsApp-Image-2025-01-20-at-08.24.33-1153x1536.jpeg 1153w, http:\/\/www.haredus.com\/wp-content\/uploads\/2025\/01\/WhatsApp-Image-2025-01-20-at-08.24.33.jpeg 1201w\" sizes=\"(max-width: 769px) 100vw, 769px\" \/><\/figure>\n<\/div>\n\n\n\n<div class=\"wp-block-column is-layout-flow wp-block-column-is-layout-flow\">\n<figure class=\"wp-block-image size-large\"><img loading=\"lazy\" decoding=\"async\" width=\"768\" height=\"1024\" src=\"http:\/\/www.haredus.com\/wp-content\/uploads\/2025\/01\/WhatsApp-Image-2025-01-20-at-08.24.34-1-768x1024.jpeg\" alt=\"\" class=\"wp-image-183\" srcset=\"http:\/\/www.haredus.com\/wp-content\/uploads\/2025\/01\/WhatsApp-Image-2025-01-20-at-08.24.34-1-768x1024.jpeg 768w, http:\/\/www.haredus.com\/wp-content\/uploads\/2025\/01\/WhatsApp-Image-2025-01-20-at-08.24.34-1-225x300.jpeg 225w, http:\/\/www.haredus.com\/wp-content\/uploads\/2025\/01\/WhatsApp-Image-2025-01-20-at-08.24.34-1-1152x1536.jpeg 1152w, http:\/\/www.haredus.com\/wp-content\/uploads\/2025\/01\/WhatsApp-Image-2025-01-20-at-08.24.34-1.jpeg 1200w\" sizes=\"(max-width: 768px) 100vw, 768px\" \/><\/figure>\n<\/div>\n<\/div>\n\n\n\n<div class=\"wp-block-columns is-layout-flex wp-container-core-columns-is-layout-2 wp-block-columns-is-layout-flex\">\n<div class=\"wp-block-column is-layout-flow wp-block-column-is-layout-flow\">\n<figure class=\"wp-block-image size-large\"><img loading=\"lazy\" decoding=\"async\" width=\"768\" height=\"1024\" src=\"http:\/\/www.haredus.com\/wp-content\/uploads\/2025\/01\/WhatsApp-Image-2025-01-20-at-08.24.39-768x1024.jpeg\" alt=\"\" class=\"wp-image-186\" srcset=\"http:\/\/www.haredus.com\/wp-content\/uploads\/2025\/01\/WhatsApp-Image-2025-01-20-at-08.24.39-768x1024.jpeg 768w, http:\/\/www.haredus.com\/wp-content\/uploads\/2025\/01\/WhatsApp-Image-2025-01-20-at-08.24.39-225x300.jpeg 225w, http:\/\/www.haredus.com\/wp-content\/uploads\/2025\/01\/WhatsApp-Image-2025-01-20-at-08.24.39-1152x1536.jpeg 1152w, http:\/\/www.haredus.com\/wp-content\/uploads\/2025\/01\/WhatsApp-Image-2025-01-20-at-08.24.39.jpeg 1200w\" sizes=\"(max-width: 768px) 100vw, 768px\" \/><\/figure>\n<\/div>\n\n\n\n<div class=\"wp-block-column is-layout-flow wp-block-column-is-layout-flow\">\n<figure class=\"wp-block-image size-large\"><img loading=\"lazy\" decoding=\"async\" width=\"768\" height=\"1024\" src=\"http:\/\/www.haredus.com\/wp-content\/uploads\/2025\/01\/WhatsApp-Image-2025-01-20-at-08.24.44-768x1024.jpeg\" alt=\"\" class=\"wp-image-190\" srcset=\"http:\/\/www.haredus.com\/wp-content\/uploads\/2025\/01\/WhatsApp-Image-2025-01-20-at-08.24.44-768x1024.jpeg 768w, http:\/\/www.haredus.com\/wp-content\/uploads\/2025\/01\/WhatsApp-Image-2025-01-20-at-08.24.44-225x300.jpeg 225w, http:\/\/www.haredus.com\/wp-content\/uploads\/2025\/01\/WhatsApp-Image-2025-01-20-at-08.24.44-1152x1536.jpeg 1152w, http:\/\/www.haredus.com\/wp-content\/uploads\/2025\/01\/WhatsApp-Image-2025-01-20-at-08.24.44.jpeg 1200w\" sizes=\"(max-width: 768px) 100vw, 768px\" \/><\/figure>\n<\/div>\n\n\n\n<div class=\"wp-block-column is-layout-flow wp-block-column-is-layout-flow\">\n<figure class=\"wp-block-image size-large\"><img loading=\"lazy\" decoding=\"async\" width=\"768\" height=\"1024\" src=\"http:\/\/www.haredus.com\/wp-content\/uploads\/2025\/01\/WhatsApp-Image-2025-01-20-at-08.24.42-2-768x1024.jpeg\" alt=\"\" class=\"wp-image-189\" srcset=\"http:\/\/www.haredus.com\/wp-content\/uploads\/2025\/01\/WhatsApp-Image-2025-01-20-at-08.24.42-2-768x1024.jpeg 768w, http:\/\/www.haredus.com\/wp-content\/uploads\/2025\/01\/WhatsApp-Image-2025-01-20-at-08.24.42-2-225x300.jpeg 225w, http:\/\/www.haredus.com\/wp-content\/uploads\/2025\/01\/WhatsApp-Image-2025-01-20-at-08.24.42-2-1152x1536.jpeg 1152w, http:\/\/www.haredus.com\/wp-content\/uploads\/2025\/01\/WhatsApp-Image-2025-01-20-at-08.24.42-2.jpeg 1536w\" sizes=\"(max-width: 768px) 100vw, 768px\" \/><\/figure>\n<\/div>\n<\/div>\n\n\n\n<div class=\"wp-block-columns is-layout-flex wp-container-core-columns-is-layout-3 wp-block-columns-is-layout-flex\">\n<div class=\"wp-block-column is-layout-flow wp-block-column-is-layout-flow\">\n<figure class=\"wp-block-image size-large\"><img loading=\"lazy\" decoding=\"async\" width=\"768\" height=\"1024\" src=\"http:\/\/www.haredus.com\/wp-content\/uploads\/2025\/01\/WhatsApp-Image-2025-01-20-at-08.24.42-1-768x1024.jpeg\" alt=\"\" class=\"wp-image-191\" srcset=\"http:\/\/www.haredus.com\/wp-content\/uploads\/2025\/01\/WhatsApp-Image-2025-01-20-at-08.24.42-1-768x1024.jpeg 768w, http:\/\/www.haredus.com\/wp-content\/uploads\/2025\/01\/WhatsApp-Image-2025-01-20-at-08.24.42-1-225x300.jpeg 225w, http:\/\/www.haredus.com\/wp-content\/uploads\/2025\/01\/WhatsApp-Image-2025-01-20-at-08.24.42-1-1152x1536.jpeg 1152w, http:\/\/www.haredus.com\/wp-content\/uploads\/2025\/01\/WhatsApp-Image-2025-01-20-at-08.24.42-1.jpeg 1536w\" sizes=\"(max-width: 768px) 100vw, 768px\" \/><\/figure>\n<\/div>\n\n\n\n<div class=\"wp-block-column is-layout-flow wp-block-column-is-layout-flow\">\n<figure class=\"wp-block-image size-large\"><img loading=\"lazy\" decoding=\"async\" width=\"760\" height=\"1024\" src=\"http:\/\/www.haredus.com\/wp-content\/uploads\/2025\/01\/WhatsApp-Image-2025-01-20-at-08.24.44-1-760x1024.jpeg\" alt=\"\" class=\"wp-image-192\" srcset=\"http:\/\/www.haredus.com\/wp-content\/uploads\/2025\/01\/WhatsApp-Image-2025-01-20-at-08.24.44-1-760x1024.jpeg 760w, http:\/\/www.haredus.com\/wp-content\/uploads\/2025\/01\/WhatsApp-Image-2025-01-20-at-08.24.44-1-223x300.jpeg 223w, http:\/\/www.haredus.com\/wp-content\/uploads\/2025\/01\/WhatsApp-Image-2025-01-20-at-08.24.44-1-768x1035.jpeg 768w, http:\/\/www.haredus.com\/wp-content\/uploads\/2025\/01\/WhatsApp-Image-2025-01-20-at-08.24.44-1-1139x1536.jpeg 1139w, http:\/\/www.haredus.com\/wp-content\/uploads\/2025\/01\/WhatsApp-Image-2025-01-20-at-08.24.44-1.jpeg 1186w\" sizes=\"(max-width: 760px) 100vw, 760px\" \/><\/figure>\n<\/div>\n\n\n\n<div class=\"wp-block-column is-layout-flow wp-block-column-is-layout-flow\">\n<figure class=\"wp-block-image size-large\"><img loading=\"lazy\" decoding=\"async\" width=\"768\" height=\"1024\" src=\"http:\/\/www.haredus.com\/wp-content\/uploads\/2025\/01\/WhatsApp-Image-2025-01-20-at-08.24.43-768x1024.jpeg\" alt=\"\" class=\"wp-image-194\" srcset=\"http:\/\/www.haredus.com\/wp-content\/uploads\/2025\/01\/WhatsApp-Image-2025-01-20-at-08.24.43-768x1024.jpeg 768w, http:\/\/www.haredus.com\/wp-content\/uploads\/2025\/01\/WhatsApp-Image-2025-01-20-at-08.24.43-225x300.jpeg 225w, http:\/\/www.haredus.com\/wp-content\/uploads\/2025\/01\/WhatsApp-Image-2025-01-20-at-08.24.43-1152x1536.jpeg 1152w, http:\/\/www.haredus.com\/wp-content\/uploads\/2025\/01\/WhatsApp-Image-2025-01-20-at-08.24.43.jpeg 1536w\" sizes=\"(max-width: 768px) 100vw, 768px\" \/><\/figure>\n<\/div>\n<\/div>\n\n\n\n<div class=\"wp-block-columns is-layout-flex wp-container-core-columns-is-layout-4 wp-block-columns-is-layout-flex\">\n<div class=\"wp-block-column is-layout-flow wp-block-column-is-layout-flow\">\n<figure class=\"wp-block-image size-large\"><img loading=\"lazy\" decoding=\"async\" width=\"768\" height=\"1024\" src=\"http:\/\/www.haredus.com\/wp-content\/uploads\/2025\/01\/WhatsApp-Image-2025-01-20-at-08.24.46-768x1024.jpeg\" alt=\"\" class=\"wp-image-195\" srcset=\"http:\/\/www.haredus.com\/wp-content\/uploads\/2025\/01\/WhatsApp-Image-2025-01-20-at-08.24.46-768x1024.jpeg 768w, http:\/\/www.haredus.com\/wp-content\/uploads\/2025\/01\/WhatsApp-Image-2025-01-20-at-08.24.46-225x300.jpeg 225w, http:\/\/www.haredus.com\/wp-content\/uploads\/2025\/01\/WhatsApp-Image-2025-01-20-at-08.24.46-1152x1536.jpeg 1152w, http:\/\/www.haredus.com\/wp-content\/uploads\/2025\/01\/WhatsApp-Image-2025-01-20-at-08.24.46.jpeg 1200w\" sizes=\"(max-width: 768px) 100vw, 768px\" \/><\/figure>\n<\/div>\n\n\n\n<div class=\"wp-block-column is-layout-flow wp-block-column-is-layout-flow\">\n<figure class=\"wp-block-image size-large\"><img loading=\"lazy\" decoding=\"async\" width=\"768\" height=\"1024\" src=\"http:\/\/www.haredus.com\/wp-content\/uploads\/2025\/01\/WhatsApp-Image-2025-01-20-at-08.24.43-1-768x1024.jpeg\" alt=\"\" class=\"wp-image-197\" srcset=\"http:\/\/www.haredus.com\/wp-content\/uploads\/2025\/01\/WhatsApp-Image-2025-01-20-at-08.24.43-1-768x1024.jpeg 768w, http:\/\/www.haredus.com\/wp-content\/uploads\/2025\/01\/WhatsApp-Image-2025-01-20-at-08.24.43-1-225x300.jpeg 225w, http:\/\/www.haredus.com\/wp-content\/uploads\/2025\/01\/WhatsApp-Image-2025-01-20-at-08.24.43-1-1152x1536.jpeg 1152w, http:\/\/www.haredus.com\/wp-content\/uploads\/2025\/01\/WhatsApp-Image-2025-01-20-at-08.24.43-1.jpeg 1536w\" sizes=\"(max-width: 768px) 100vw, 768px\" \/><\/figure>\n<\/div>\n\n\n\n<div class=\"wp-block-column is-layout-flow wp-block-column-is-layout-flow\">\n<figure class=\"wp-block-image size-full\"><img loading=\"lazy\" decoding=\"async\" width=\"768\" height=\"1024\" src=\"http:\/\/www.haredus.com\/wp-content\/uploads\/2025\/01\/WhatsApp-Image-2025-01-20-at-08.24.38.jpeg\" alt=\"\" class=\"wp-image-200\" srcset=\"http:\/\/www.haredus.com\/wp-content\/uploads\/2025\/01\/WhatsApp-Image-2025-01-20-at-08.24.38.jpeg 768w, http:\/\/www.haredus.com\/wp-content\/uploads\/2025\/01\/WhatsApp-Image-2025-01-20-at-08.24.38-225x300.jpeg 225w\" sizes=\"(max-width: 768px) 100vw, 768px\" \/><\/figure>\n<\/div>\n<\/div>\n\n\n\n<p><\/p>\n","protected":false},"excerpt":{"rendered":"","protected":false},"author":1,"featured_media":0,"parent":0,"menu_order":0,"comment_status":"closed","ping_status":"closed","template":"","meta":{"footnotes":""},"class_list":["post-108","page","type-page","status-publish","hentry"],"_links":{"self":[{"href":"http:\/\/www.haredus.com\/index.php?rest_route=\/wp\/v2\/pages\/108"}],"collection":[{"href":"http:\/\/www.haredus.com\/index.php?rest_route=\/wp\/v2\/pages"}],"about":[{"href":"http:\/\/www.haredus.com\/index.php?rest_route=\/wp\/v2\/types\/page"}],"author":[{"embeddable":true,"href":"http:\/\/www.haredus.com\/index.php?rest_route=\/wp\/v2\/users\/1"}],"replies":[{"embeddable":true,"href":"http:\/\/www.haredus.com\/index.php?rest_route=%2Fwp%2Fv2%2Fcomments&post=108"}],"version-history":[{"count":3,"href":"http:\/\/www.haredus.com\/index.php?rest_route=\/wp\/v2\/pages\/108\/revisions"}],"predecessor-version":[{"id":201,"href":"http:\/\/www.haredus.com\/index.php?rest_route=\/wp\/v2\/pages\/108\/revisions\/201"}],"wp:attachment":[{"href":"http:\/\/www.haredus.com\/index.php?rest_route=%2Fwp%2Fv2%2Fmedia&parent=108"}],"curies":[{"name":"wp","href":"https:\/\/api.w.org\/{rel}","templated":true}]}}